{"id":132,"date":"2023-08-18T09:36:44","date_gmt":"2023-08-18T09:36:44","guid":{"rendered":"https:\/\/fliegerfreunde-westerwald.de\/?page_id=132"},"modified":"2023-10-22T14:39:43","modified_gmt":"2023-10-22T14:39:43","slug":"flugzeuge-in-eudenbach","status":"publish","type":"page","link":"https:\/\/fliegerfreunde-westerwald.de\/?page_id=132","title":{"rendered":"unsere Flugzeuge"},"content":{"rendered":"\n<p>Am Flugplatz Eudenbach gibt es eine Vielzahl von Flugmodellen. Unsere Piloten bieten zum Teil auch Mitfluggelegenheiten an. <\/p>\n\n\n\n<!--more-->\n\n\n\n<p>Auf dem Flugplatz Eudenbach unterscheiden wir momentan mehrere Flugarten . Der Motorflug in der Echoklasse bewegt sich wesentlich schneller in der Luft als ein Motorsegler. Auch ist die Zuladung entsprechend dem Muster h\u00f6her. Motorsegelflug&nbsp;ist eine sehr gem\u00fctlich Art, sich in der Luft zu bewegen. Ist man in der Thermik, kann man in der Tat auch mit abgestelltem Triebwerk fliegen.<\/p>\n\n\n\n<p>Ultraleichtflugzeuge sind in folgenden Kategorien zugelassen: aerodynamisch gesteuerte Maschinen, die den gr\u00f6\u00dferen einmotorigen Motorflugzeugen im \u00c4u\u00dferen \u00e4hneln, Trikes mit drei R\u00e4dern und einem beweglichen &#8222;Drachen&#8220;-Fl\u00fcgel, fu\u00dfstartf\u00e4hige motorisierte H\u00e4ngegleiter, Paragleiter und Tragschrauber, sogenannte Gyrocopter. Die maximale Abflugmasse (engl. maximum take off weight, MTOW) der Ultraleichtflugzeuge darf in Deutschland bei Einsitzern 300 Kilogramm, bei Zweisitzern 450 Kilogramm betragen.<\/p>\n\n\n\n<p>Auf unserem Flugplatz Eudenbach wird Segelflug,&nbsp; Flugzeug- und Windenschlepp durchgef\u00fchrt. Beim allj\u00e4hrlichen Flugplatzfest sind u.a. auch sog. F-Schlepps zu sehen. Hier werden die Segelflugzeuge dann mit Schleppmaschinen auf die Ausklinkh\u00f6he gebracht, wobei die Segler in eine exponate Lage gebracht werden, um top Verh\u00e4ltnisse f\u00fcr das Segelfliegen zu haben.<\/p>\n\n\n\n<p>Motorschirm-Ultraleichtflugzeuge reichen vom Fu\u00dfstarter, der seinen Motor auf dem R\u00fccken tr\u00e4gt, bis hin zum Zweisitzer (Motorschirm-Trike), in der 400 kg Klasse. Zumeist werden diese Flugger\u00e4te am fr\u00fchen Morgen oder am Abend geflogen, weil dann die Luft ohne Thermik und sch\u00f6n ruhig ist. Inzwischen ist jeder Pilot mit Flugfunk ausger\u00fcstet.&nbsp; 118.425 MHz<\/p>\n\n\n\n<p><a href=\"https:\/\/fliegerfreunde-westerwald.de\/?p=153\" data-type=\"post\" data-id=\"153\">Motorflugzeug Morane MS 893 E (Vereinsflugzeug)<\/a><\/p>\n\n\n\n<p><a href=\"https:\/\/fliegerfreunde-westerwald.de\/?p=174\" data-type=\"post\" data-id=\"174\">Segelflugzeug KA 7 Rh\u00f6nadler (Vereinsflugzeug)<\/a><\/p>\n\n\n\n<p><a href=\"https:\/\/fliegerfreunde-westerwald.de\/?p=183\" data-type=\"post\" data-id=\"183\">Segelflugzeug Standard Cirrus<\/a><\/p>\n\n\n\n<p><a href=\"https:\/\/fliegerfreunde-westerwald.de\/?p=156\" data-type=\"post\" data-id=\"156\">Motorflugzeug PA 28-180 Cherokee<\/a><\/p>\n\n\n\n<p><a href=\"https:\/\/fliegerfreunde-westerwald.de\/?p=197\" data-type=\"post\" data-id=\"197\">Ultraleichtflugzeug Flight Design CTLS 02<\/a><\/p>\n\n\n\n<p><a href=\"https:\/\/fliegerfreunde-westerwald.de\/?p=356\" data-type=\"post\" data-id=\"356\">Ultraleichtflugzeug Flight Design CTLS<\/a><\/p>\n\n\n\n<p><a href=\"https:\/\/fliegerfreunde-westerwald.de\/?p=390\" data-type=\"post\" data-id=\"390\">Ultraleichtflugzeug Pipistrel Virus SW 600<\/a><\/p>\n\n\n\n<p><a href=\"https:\/\/fliegerfreunde-westerwald.de\/?p=408\" data-type=\"post\" data-id=\"408\">Ultraleicht Uli NG &#8222;das Zebra&#8220;<\/a><\/p>\n\n\n\n<p><a href=\"https:\/\/fliegerfreunde-westerwald.de\/?p=218\" data-type=\"post\" data-id=\"218\">Ultraleicht Trike Pegasus Quasar<\/a><\/p>\n\n\n\n<p><a href=\"https:\/\/fliegerfreunde-westerwald.de\/?p=398\" data-type=\"post\" data-id=\"398\">Fieseler Storch Fi 156<\/a><\/p>\n\n\n\n<p><a href=\"https:\/\/fliegerfreunde-westerwald.de\/?p=297\" data-type=\"post\" data-id=\"297\">Motorschirm-Trike Skip-One<\/a><\/p>\n\n\n\n<p><a href=\"https:\/\/fliegerfreunde-westerwald.de\/?p=248\" data-type=\"post\" data-id=\"248\">Ultraleichtes Drachentrike Eagle V<\/a><\/p>\n\n\n\n<p><\/p>\n\n\n\n<p><\/p>\n\n\n\n<p><\/p>\n\n\n\n<p><\/p>\n","protected":false},"excerpt":{"rendered":"<p>Am Flugplatz Eudenbach gibt es eine Vielzahl von Flugmodellen. Unsere Piloten bieten zum Teil auch Mitfluggelegenheiten an.<\/p>\n","protected":false},"author":1,"featured_media":138,"parent":0,"menu_order":0,"comment_status":"closed","ping_status":"closed","template":"","meta":{"footnotes":""},"_links":{"self":[{"href":"https:\/\/fliegerfreunde-westerwald.de\/index.php?rest_route=\/wp\/v2\/pages\/132"}],"collection":[{"href":"https:\/\/fliegerfreunde-westerwald.de\/index.php?rest_route=\/wp\/v2\/pages"}],"about":[{"href":"https:\/\/fliegerfreunde-westerwald.de\/index.php?rest_route=\/wp\/v2\/types\/page"}],"author":[{"embeddable":true,"href":"https:\/\/fliegerfreunde-westerwald.de\/index.php?rest_route=\/wp\/v2\/users\/1"}],"replies":[{"embeddable":true,"href":"https:\/\/fliegerfreunde-westerwald.de\/index.php?rest_route=%2Fwp%2Fv2%2Fcomments&post=132"}],"version-history":[{"count":25,"href":"https:\/\/fliegerfreunde-westerwald.de\/index.php?rest_route=\/wp\/v2\/pages\/132\/revisions"}],"predecessor-version":[{"id":411,"href":"https:\/\/fliegerfreunde-westerwald.de\/index.php?rest_route=\/wp\/v2\/pages\/132\/revisions\/411"}],"wp:featuredmedia":[{"embeddable":true,"href":"https:\/\/fliegerfreunde-westerwald.de\/index.php?rest_route=\/wp\/v2\/media\/138"}],"wp:attachment":[{"href":"https:\/\/fliegerfreunde-westerwald.de\/index.php?rest_route=%2Fwp%2Fv2%2Fmedia&parent=132"}],"curies":[{"name":"wp","href":"https:\/\/api.w.org\/{rel}","templated":true}]}}