{"id":68,"date":"2023-08-16T09:36:25","date_gmt":"2023-08-16T09:36:25","guid":{"rendered":"https:\/\/fliegerfreunde-westerwald.de\/?page_id=68"},"modified":"2023-08-21T10:09:14","modified_gmt":"2023-08-21T10:09:14","slug":"der-familienfreundliche-verein","status":"publish","type":"page","link":"https:\/\/fliegerfreunde-westerwald.de\/?page_id=68","title":{"rendered":"\u00fcber uns"},"content":{"rendered":"\n<!--more-->\n\n\n\n<p class=\"has-normal-font-size\"><strong>Wir sind ein familienfreundlicher Verein<\/strong><\/p>\n\n\n\n<p><\/p>\n\n\n\n<p>Wie kann man sein Hobby \u2013die Fliegerei- mit dem Wunsch der Familie nach gemeinsamen Wochenendeaktivit\u00e4ten  verbinden? Wir glauben: viele PilotIinnen haben sich schon diese Frage gestellt. Da ist auf der einen Seite ein  faszinierendes, naturverbundenes Hobby, welches jeden \u201epackt\u201c, der einmal damit anfing.&nbsp; Andererseits: wer will schon an &nbsp; den meisten Wochenenden abseits der Familie seinem Sport nachgehen? In unserem Fall war es so: Die \u201eZutaten\u201c, um &nbsp; gemeinsam mit den Familien an und um den Flugplatz sein Wochenende zu gestalten, waren und sind hervorragend: Ein &nbsp; Fluggel\u00e4nde mitten in einem wundersch\u00f6nen Naturschutzgebiet gelegen, die M\u00f6glichkeit, mit seiner Familie am &nbsp;Campingplatz zu \u00fcbernachten, Clubr\u00e4ume, Hallen, \u2013 alles perfekt.<\/p>\n\n\n\n<figure class=\"wp-block-image size-large\"><img decoding=\"async\" loading=\"lazy\" width=\"1024\" height=\"427\" src=\"https:\/\/fliegerfreunde-westerwald.de\/wp-content\/uploads\/2023\/08\/drei-Maenner-1024x427.jpg\" alt=\"\" class=\"wp-image-101\" srcset=\"https:\/\/fliegerfreunde-westerwald.de\/wp-content\/uploads\/2023\/08\/drei-Maenner-1024x427.jpg 1024w, https:\/\/fliegerfreunde-westerwald.de\/wp-content\/uploads\/2023\/08\/drei-Maenner-300x125.jpg 300w, https:\/\/fliegerfreunde-westerwald.de\/wp-content\/uploads\/2023\/08\/drei-Maenner-768x320.jpg 768w, https:\/\/fliegerfreunde-westerwald.de\/wp-content\/uploads\/2023\/08\/drei-Maenner-1536x640.jpg 1536w, https:\/\/fliegerfreunde-westerwald.de\/wp-content\/uploads\/2023\/08\/drei-Maenner.jpg 1920w\" sizes=\"(max-width: 1024px) 100vw, 1024px\" \/><\/figure>\n\n\n\n<p>2005 \u2013 die \u201eStunde null\u201d<\/p>\n\n\n\n<p>Als nach einer Umstrukturierung die M\u00f6glichkeit zu einer Vereinsneugr\u00fcndung bestand war unser Vorsatz: \u201eWir machen es \u00a0 von nun an anders!\u201c \u00a0 Und so standen wir da \u2013 ein paar Familien mit fliegendem Personal, Wohnwagen, gebrauchtem aber feinem Mini-Nimbus \u00a0 sowie einigen guten Ideen \u2013 und gr\u00fcndeten unseren Verein: die \u201eFliegerfreunde Westerwald e.V.\u201c \u00a0 Es dauerte nicht lange, und wir wurden immer wieder gefragt, ob man nicht Mitglied bei uns werden k\u00f6nne. So wuchsen \u00a0 wir recht schnell. Zun\u00e4chst kamen einige \u201eTrike\u201c Piloten zu uns, damit wurde der Ultraleichtflug bei uns etabliert. Mit der \u00a0 Zeit gr\u00fcndeten sich Halterschaften von Motor- und Motorsegelflugzeugen, und heute z\u00e4hlen auch Halter \u00a0 dreiachsgesteuerter Ultraleichtflugzeuge sowie\u00a0 Motor-Paraglider zu unseren Mitgliedern. \u00a0 Aus unserem anf\u00e4nglichen \u201eMini-Nimbus-Club\u201c ist ein ansehnlicher Luftsportverein geworden. Die Pilotinnen bzw. Piloten \u00a0 sind und bleiben gleichzeitig Halter Ihrer Flugzuge bzw. \u201eLuftsportger\u00e4te\u201c und k\u00f6nnen so sehr individuell genau \u201edem\u201c \u00a0 Luftsport nachgehen, der sie am allermeisten fasziniert. Und zufriedene PilotInnen sind aus unserer Sicht auch die beste \u00a0 Voraussetzung f\u00fcr ein sch\u00f6nes Familienwochenende. \u00a0 Heute sind wir mit mehr als 25 Mitgliedern schon recht gro\u00df. Gemeinsam mit unseren Familien verbringen wir von April bis \u00a0 Oktober die Wochenenden am Segelfluggel\u00e4nde Eudenbach. Unserem Motto: \u201cFliegerfreunde Westerwald \u2013 der \u00a0 familienfreundliche Verein\u201c sind wir treu geblieben. Und du? Wenn du diese Kombination suchst, bist du bei uns genau  richtig! Wir freuen uns, wenn du vorbei schaust!! \u00a0 \u00a0<\/p>\n\n\n\n<figure class=\"wp-block-gallery has-nested-images columns-default is-cropped wp-block-gallery-1 is-layout-flex wp-block-gallery-is-layout-flex\">\n<figure class=\"wp-block-image size-large\"><img decoding=\"async\" loading=\"lazy\" width=\"1024\" height=\"576\" data-id=\"168\" src=\"https:\/\/fliegerfreunde-westerwald.de\/wp-content\/uploads\/2023\/08\/vlcsnap-2023-08-17-08h39m57s174-1024x576.png\" alt=\"\" class=\"wp-image-168\" srcset=\"https:\/\/fliegerfreunde-westerwald.de\/wp-content\/uploads\/2023\/08\/vlcsnap-2023-08-17-08h39m57s174-1024x576.png 1024w, https:\/\/fliegerfreunde-westerwald.de\/wp-content\/uploads\/2023\/08\/vlcsnap-2023-08-17-08h39m57s174-300x169.png 300w, https:\/\/fliegerfreunde-westerwald.de\/wp-content\/uploads\/2023\/08\/vlcsnap-2023-08-17-08h39m57s174-768x432.png 768w, https:\/\/fliegerfreunde-westerwald.de\/wp-content\/uploads\/2023\/08\/vlcsnap-2023-08-17-08h39m57s174-1536x864.png 1536w, https:\/\/fliegerfreunde-westerwald.de\/wp-content\/uploads\/2023\/08\/vlcsnap-2023-08-17-08h39m57s174.png 1920w\" sizes=\"(max-width: 1024px) 100vw, 1024px\" \/><\/figure>\n\n\n\n<figure class=\"wp-block-image size-large\"><img decoding=\"async\" loading=\"lazy\" width=\"768\" height=\"1024\" data-id=\"167\" src=\"https:\/\/fliegerfreunde-westerwald.de\/wp-content\/uploads\/2023\/08\/20180707_1555091-768x1024.jpg\" alt=\"\" class=\"wp-image-167\" srcset=\"https:\/\/fliegerfreunde-westerwald.de\/wp-content\/uploads\/2023\/08\/20180707_1555091-768x1024.jpg 768w, https:\/\/fliegerfreunde-westerwald.de\/wp-content\/uploads\/2023\/08\/20180707_1555091-225x300.jpg 225w, https:\/\/fliegerfreunde-westerwald.de\/wp-content\/uploads\/2023\/08\/20180707_1555091-1152x1536.jpg 1152w, https:\/\/fliegerfreunde-westerwald.de\/wp-content\/uploads\/2023\/08\/20180707_1555091-1536x2048.jpg 1536w, https:\/\/fliegerfreunde-westerwald.de\/wp-content\/uploads\/2023\/08\/20180707_1555091-scaled.jpg 1920w\" sizes=\"(max-width: 768px) 100vw, 768px\" \/><\/figure>\n<\/figure>\n","protected":false},"excerpt":{"rendered":"","protected":false},"author":1,"featured_media":101,"parent":0,"menu_order":0,"comment_status":"closed","ping_status":"closed","template":"","meta":{"footnotes":""},"_links":{"self":[{"href":"https:\/\/fliegerfreunde-westerwald.de\/index.php?rest_route=\/wp\/v2\/pages\/68"}],"collection":[{"href":"https:\/\/fliegerfreunde-westerwald.de\/index.php?rest_route=\/wp\/v2\/pages"}],"about":[{"href":"https:\/\/fliegerfreunde-westerwald.de\/index.php?rest_route=\/wp\/v2\/types\/page"}],"author":[{"embeddable":true,"href":"https:\/\/fliegerfreunde-westerwald.de\/index.php?rest_route=\/wp\/v2\/users\/1"}],"replies":[{"embeddable":true,"href":"https:\/\/fliegerfreunde-westerwald.de\/index.php?rest_route=%2Fwp%2Fv2%2Fcomments&post=68"}],"version-history":[{"count":7,"href":"https:\/\/fliegerfreunde-westerwald.de\/index.php?rest_route=\/wp\/v2\/pages\/68\/revisions"}],"predecessor-version":[{"id":169,"href":"https:\/\/fliegerfreunde-westerwald.de\/index.php?rest_route=\/wp\/v2\/pages\/68\/revisions\/169"}],"wp:featuredmedia":[{"embeddable":true,"href":"https:\/\/fliegerfreunde-westerwald.de\/index.php?rest_route=\/wp\/v2\/media\/101"}],"wp:attachment":[{"href":"https:\/\/fliegerfreunde-westerwald.de\/index.php?rest_route=%2Fwp%2Fv2%2Fmedia&parent=68"}],"curies":[{"name":"wp","href":"https:\/\/api.w.org\/{rel}","templated":true}]}}