{"id":97,"date":"2023-08-17T06:37:46","date_gmt":"2023-08-17T06:37:46","guid":{"rendered":"https:\/\/fliegerfreunde-westerwald.de\/?page_id=97"},"modified":"2023-08-24T07:31:08","modified_gmt":"2023-08-24T07:31:08","slug":"flugplatz-eudenbach","status":"publish","type":"page","link":"https:\/\/fliegerfreunde-westerwald.de\/?page_id=97","title":{"rendered":"Flugplatz Eudenbach"},"content":{"rendered":"\n<p>Start- und Landebahnen: zwei Windenschleppstrecken von je 1000m <br>und eine Grasbahn f\u00fcr Motorflugzeuge von 900m <br>&#8211; H\u00f6he: 299 m <br>&#8211; Landerichtungen: 09 und 27 <br>&#8211; Frequenz: 118.415 MHz &#8211; unbedingt \u00fcber Funk melden (Blindmeldung)&nbsp;<br>&#8211; Koordinaten: N 50 40 24 E 7 21 51<\/p>\n\n\n\n<!--more-->\n\n\n\n<figure class=\"wp-block-image size-large\"><img decoding=\"async\" loading=\"lazy\" width=\"1024\" height=\"576\" src=\"https:\/\/fliegerfreunde-westerwald.de\/wp-content\/uploads\/2023\/08\/20200621_170424-1024x576.jpg\" alt=\"\" class=\"wp-image-123\" srcset=\"https:\/\/fliegerfreunde-westerwald.de\/wp-content\/uploads\/2023\/08\/20200621_170424-1024x576.jpg 1024w, https:\/\/fliegerfreunde-westerwald.de\/wp-content\/uploads\/2023\/08\/20200621_170424-300x169.jpg 300w, https:\/\/fliegerfreunde-westerwald.de\/wp-content\/uploads\/2023\/08\/20200621_170424-768x432.jpg 768w, https:\/\/fliegerfreunde-westerwald.de\/wp-content\/uploads\/2023\/08\/20200621_170424-1536x864.jpg 1536w, https:\/\/fliegerfreunde-westerwald.de\/wp-content\/uploads\/2023\/08\/20200621_170424-2048x1152.jpg 2048w\" sizes=\"(max-width: 1024px) 100vw, 1024px\" \/><\/figure>\n\n\n\n<p>Der Flugplatz Eudenbach liegt auf der Grenze zwischen Nordrhein-Westfalen und Rheinland-Pfalz. Er wurde Jahre als Einsatzflugplatz der Luftwaffe Ende der 1930er gebaut. Das denkmalgesch\u00fctzte Materiallager der Bundeswehr befindet sich im Nordwesten des Flugplatzes. Zum Platz geh\u00f6ren auch fr\u00fchere Unterkunfts- und Munitionslager.<\/p>\n\n\n\n<p>Seit dem Ende des 2. Weltkrieges wird der Flugplatz als Segelfluggel\u00e4nde genutzt.<\/p>\n\n\n\n<p>Ein gro\u00dfer Teil des Platzes liegt im Naturschutzgebiet Segelfluggel\u00e4nde Eudenbach.<\/p>\n\n\n\n<p>Der Platz betreibt zwei Graspisten: Eine etwa 950&nbsp;m lange Piste (Ausrichtung 09\/27) f\u00fcr den Motorflugbetrieb und an jedem Ende des Platzes eine knapp 200m lange Piste f\u00fcr den Segelflug. Im Norden befinden sich zwei Windenschleppstrecken von 1000 m L\u00e4nge.<\/p>\n\n\n\n<p>Der Flugplatz Eudenbach hat die Genehmigung f\u00fcr Segelflug, Ultraleicht, Motorsegler, Motor bis 2 t mit Schlepphaken und Ballonstart. <\/p>\n\n\n\n<p class=\"has-normal-font-size\">Bitte die <a href=\"https:\/\/fliegerfreunde-westerwald.de\/?p=119\" data-type=\"post\" data-id=\"119\">Platzrunde<\/a> und die <a href=\"https:\/\/fliegerfreunde-westerwald.de\/?p=33\">Regelungen f\u00fcr Motorschirme am Flugplatz Eudenbach<\/a> beachten!<\/p>\n\n\n\n<p>Die IG-Eudenbach e.V. ist der Platzhalter des Flugplatzes Eudenbach und vertritt die Interessen der ans\u00e4ssigen Vereine. Der Vorstand der IG Eudenbach besteht aus gew\u00e4hlten Mitgliedern der ans\u00e4ssigen Vereine. Zu seinen Aufgaben z\u00e4hlt, die Nutzung des Fluplatzes sicher zu stellen, sowie den reibungslosen Ablauf des Flugbetriebes zu erm\u00f6glichen. Auch die Instandhaltung von Ger\u00e4t- und Gel\u00e4nde ist Aufgabe der IG-Eudenbach. Die IG-Eudenbach ist Mittler und Ansprechpartner zwischen Beh\u00f6rden, Organisationen und der Bev\u00f6lkerung.<\/p>\n\n\n\n<p>Ans\u00e4ssige Vereine<\/p>\n\n\n\n<p><a href=\"https:\/\/www.koelnersegelflieger.de\/\">K\u00f6lner Segelflieger e.V.<\/a><\/p>\n\n\n\n<p>Fliegerfreunde Westerwald e.V.<\/p>\n\n\n\n<p>Adresse: Am Flugplatz 1, 53604 Bad Honnef Eudenbach<\/p>\n\n\n\n<p>INFO 0172 2807926<\/p>\n\n\n\n<p>Wegbeschreibung: Auf der A3 bis zur Abfahrt Bad Honnef\/Linz (Abfahrt 34). Weiter Richtung Asbach \u00fcber Rottbitzer Stra\u00dfe und Asbacher Stra\u00dfe (L272). Ca. 1km nach der Ortausfahrt von Stockhausen am Ende des Waldes links zum Flugplatz.<\/p>\n\n\n\n<figure class=\"wp-block-image size-large\"><img decoding=\"async\" loading=\"lazy\" width=\"1024\" height=\"576\" src=\"https:\/\/fliegerfreunde-westerwald.de\/wp-content\/uploads\/2023\/08\/20190921_140624-1024x576.jpg\" alt=\"\" class=\"wp-image-170\" srcset=\"https:\/\/fliegerfreunde-westerwald.de\/wp-content\/uploads\/2023\/08\/20190921_140624-1024x576.jpg 1024w, https:\/\/fliegerfreunde-westerwald.de\/wp-content\/uploads\/2023\/08\/20190921_140624-300x169.jpg 300w, https:\/\/fliegerfreunde-westerwald.de\/wp-content\/uploads\/2023\/08\/20190921_140624-768x432.jpg 768w, https:\/\/fliegerfreunde-westerwald.de\/wp-content\/uploads\/2023\/08\/20190921_140624-1536x864.jpg 1536w, https:\/\/fliegerfreunde-westerwald.de\/wp-content\/uploads\/2023\/08\/20190921_140624-2048x1152.jpg 2048w\" sizes=\"(max-width: 1024px) 100vw, 1024px\" \/><\/figure>\n\n\n\n<p>Einen Einblick bieten unsere bunten <a href=\"https:\/\/fliegerfreunde-westerwald.de\/?p=331\" data-type=\"post\" data-id=\"331\">Flugplatzfeste<\/a>.<\/p>\n","protected":false},"excerpt":{"rendered":"<p>Start- und Landebahnen: zwei Windenschleppstrecken von je 1000m und eine Grasbahn f\u00fcr Motorflugzeuge von 900m &#8211; H\u00f6he: 299 m &#8211; Landerichtungen: 09 und 27 &#8211; Frequenz: 118.415 MHz &#8211; unbedingt \u00fcber Funk melden (Blindmeldung)&nbsp;&#8211; Koordinaten: N 50 40 24 E 7 21 51<\/p>\n","protected":false},"author":1,"featured_media":98,"parent":0,"menu_order":0,"comment_status":"closed","ping_status":"closed","template":"","meta":{"footnotes":""},"_links":{"self":[{"href":"https:\/\/fliegerfreunde-westerwald.de\/index.php?rest_route=\/wp\/v2\/pages\/97"}],"collection":[{"href":"https:\/\/fliegerfreunde-westerwald.de\/index.php?rest_route=\/wp\/v2\/pages"}],"about":[{"href":"https:\/\/fliegerfreunde-westerwald.de\/index.php?rest_route=\/wp\/v2\/types\/page"}],"author":[{"embeddable":true,"href":"https:\/\/fliegerfreunde-westerwald.de\/index.php?rest_route=\/wp\/v2\/users\/1"}],"replies":[{"embeddable":true,"href":"https:\/\/fliegerfreunde-westerwald.de\/index.php?rest_route=%2Fwp%2Fv2%2Fcomments&post=97"}],"version-history":[{"count":12,"href":"https:\/\/fliegerfreunde-westerwald.de\/index.php?rest_route=\/wp\/v2\/pages\/97\/revisions"}],"predecessor-version":[{"id":373,"href":"https:\/\/fliegerfreunde-westerwald.de\/index.php?rest_route=\/wp\/v2\/pages\/97\/revisions\/373"}],"wp:featuredmedia":[{"embeddable":true,"href":"https:\/\/fliegerfreunde-westerwald.de\/index.php?rest_route=\/wp\/v2\/media\/98"}],"wp:attachment":[{"href":"https:\/\/fliegerfreunde-westerwald.de\/index.php?rest_route=%2Fwp%2Fv2%2Fmedia&parent=97"}],"curies":[{"name":"wp","href":"https:\/\/api.w.org\/{rel}","templated":true}]}}